{"id":687,"date":"2021-08-12T09:15:41","date_gmt":"2021-08-12T09:15:41","guid":{"rendered":"https:\/\/startup-index.ch\/conditions-generales-de-vente-cgv-de-fasoon-sa\/"},"modified":"2021-08-12T09:15:42","modified_gmt":"2021-08-12T09:15:42","slug":"conditions-generales-de-vente-cgv-de-fasoon-sa","status":"publish","type":"page","link":"https:\/\/startup-index.ch\/fr\/conditions-generales-de-vente-cgv-de-fasoon-sa\/","title":{"rendered":"Conditions g\u00e9n\u00e9rales de vente (CGV) de Fasoon SA"},"content":{"rendered":"<p>[et_pb_section fb_built=\u00a0\u00bb1&Prime; _builder_version=\u00a0\u00bb4.9.4&Prime; _module_preset=\u00a0\u00bbdefault\u00a0\u00bb][et_pb_row _builder_version=\u00a0\u00bb4.9.4&Prime; _module_preset=\u00a0\u00bbdefault\u00a0\u00bb][et_pb_column type=\u00a0\u00bb4_4&Prime; _builder_version=\u00a0\u00bb4.9.4&Prime; _module_preset=\u00a0\u00bbdefault\u00a0\u00bb][et_pb_text _builder_version=\u00a0\u00bb4.9.4&Prime; _module_preset=\u00a0\u00bbdefault\u00a0\u00bb hover_enabled=\u00a0\u00bb0&Prime; sticky_enabled=\u00a0\u00bb0&Prime;]<\/p>\n<p>Les pr\u00e9sentes CGV r\u00e9gissent les droits et les obligations en rapport avec l\u2019utilisation des prestations de services propos\u00e9es sur le site internet\u00a0<a href=\"http:\/\/www.fasoon.ch\/\">www.fasoon.ch<\/a>.<\/p>\n<p>&nbsp;<\/p>\n<ol>\n<li>Introduction<\/li>\n<\/ol>\n<p>Fasoon AG, Appenzell (\u00abFasoon\u00bb) poss\u00e8de et exploite la plateforme internet www.fasoon.ch (\u00abwww.fasoon\u00bb). www.fasoon propose des prestations de services et des produits payants et non payants relatifs \u00e0 la cr\u00e9ation d\u2019entreprises, \u00e0 l\u2019\u00e9laboration de contrats, \u00e0 la protection de la propri\u00e9t\u00e9 intellectuelle, \u00e0 l\u2019ex\u00e9cution de modifications du registre du commerce et \u00e0 l\u2019ex\u00e9cution de services de conseil.<\/p>\n<ol start=\"2\">\n<li>Domaine d\u2019application<\/li>\n<\/ol>\n<p>Les pr\u00e9sentes CGV de Fasoon ainsi que les autres dispositions d\u00e9clar\u00e9es obligatoires, en particulier la d\u00e9claration de confidentialit\u00e9, r\u00e9gissent les droits et les obligations li\u00e9s \u00e0 l\u2019utilisation des prestations de services et des produits propos\u00e9s via www.fasoon (y compris tous les sous-domaines). Fasoon se r\u00e9serve le droit de modifier \u00e0 tout moment les pr\u00e9sentes CGV et de publier leur version actualis\u00e9e sur www.fasoon.<\/p>\n<p>Les pr\u00e9sentes CGV sont valables pour les domaines mentionn\u00e9s ci-dessus et toutes les autres prestations de services fournies directement et indirectement par Fasoon aux clients.<\/p>\n<ol start=\"3\">\n<li>Commande<\/li>\n<\/ol>\n<p>Une commande est consid\u00e9r\u00e9e comme une offre \u00e0 Fasoon aux fins de conclure un contrat. Fasoon est autoris\u00e9 de refuser en partie ou en totalit\u00e9 des commandes sans avoir \u00e0 fournir de motif. Dans ce cas, vous recevez une notification et les \u00e9ventuels paiements d\u00e9j\u00e0 vers\u00e9s vous sont rembours\u00e9s. Toute autre revendication est enti\u00e8rement exclue.<\/p>\n<ol start=\"4\">\n<li>Contrat<\/li>\n<\/ol>\n<p>L\u2019acceptation par le client d\u2019une offre de Fasoon relative \u00e0 des prestations de services ou \u00e0 des produits entra\u00eene la conclusion d\u2019un contrat.<\/p>\n<ol start=\"5\">\n<li>Prix<\/li>\n<\/ol>\n<p>Sauf offre contraire, tous les prix sont en francs suisses (CHF) et hors taxes (hors TVA).<\/p>\n<p>Tous les prix s\u2019entendent hors \u00e9ventuels imp\u00f4ts suppl\u00e9mentaires.<\/p>\n<p>Fasoon se r\u00e9serve le droit de modifier \u00e0 tout moment les prix. Ce sont les prix valables au moment de la conclusion du contrat sur le site internet www.fasoon.ch ou conform\u00e9ment \u00e0 la liste de prix s\u00e9par\u00e9e de Fasoon qui s\u2019appliquent. Pour le client, ce sont toujours les prix valables au moment de la conclusion du contrat qui s\u2019appliquent.\u00a0<\/p>\n<ol start=\"6\">\n<li>Paiement<\/li>\n<\/ol>\n<p>6.1 M\u00e9thode de paiement et contr\u00f4le de solvabilit\u00e9<\/p>\n<p>Les paiements sont accept\u00e9s exclusivement en francs suisses. Fasoon se r\u00e9serve le droit d\u2019exclure certaines m\u00e9thodes de paiement sans donner de motif, de fa\u00e7on g\u00e9n\u00e9rale ou pour certains clients uniquement. En outre, Fasoon peut pr\u00e9lever des suppl\u00e9ments sur certaines m\u00e9thodes de paiement. Afin de prot\u00e9ger ses int\u00e9r\u00eats l\u00e9gitimes, Fasoon est en droit de demander \u00e0 des tiers d\u2019effectuer un contr\u00f4le de votre solvabilit\u00e9, et de fournir vos donn\u00e9es client \u00e0 des tiers pour obtenir des informations sur votre comportement de paiement. Les produits command\u00e9s ainsi que les bons d\u2019achat demeurent la propri\u00e9t\u00e9 de Fasoon jusqu\u2019au versement complet du montant d\u2019achat (y compris tous les suppl\u00e9ments).<\/p>\n<p>6.2 D\u00e9lai de paiement et retard de paiement<\/p>\n<p>Le client s\u2019engage \u00e0 payer le montant factur\u00e9 dans les 30 jours \u00e0 compter de la date de la facture. Si le client ne respecte pas le d\u00e9lai de paiement mentionn\u00e9 ci-dessus, un rappel lui est envoy\u00e9. Si le client ne r\u00e8gle pas la facture dans le d\u00e9lai de sommation, il est consid\u00e9r\u00e9 en retard de paiement. \u00c0 partir du moment du retard, le client doit des int\u00e9r\u00eats de retard de 5%.<\/p>\n<p>&nbsp;<\/p>\n<p>En cas de\u00a0<strong>retard de paiement<\/strong>, le client encourt des\u00a0<strong>frais de rappel<\/strong>\u00a0suppl\u00e9mentaires de\u00a0<strong>30.- CHF<\/strong>\u00a0(au plus t\u00f4t \u00e0 partir du 60e jour apr\u00e8s la date de facturation).<\/p>\n<p>Frais en cas de retard de paiement : frais administratifs (au plus t\u00f4t \u00e0 partir du 70e jour apr\u00e8s la date de facturation, lors de la remise au prestataire de services de recouvrement) en fonction du montant de la cr\u00e9ance, montant maximum en CHF : 50 (jusqu\u2019\u00e0 20) ; 70 (jusqu\u2019\u00e0 50) ; 100 (jusqu\u2019\u00e0 100) ; 120 (jusqu\u2019\u00e0 150) ; 149 (jusqu\u2019\u00e0 250) ; 195 (jusqu\u2019\u00e0 500) ; 308 (jusqu\u2019\u00e0 1.500) ; 448 (jusqu\u2019\u00e0 3.000) ; 1.100 (jusqu\u2019\u00e0 10.000) ; 1.510 (jusqu\u2019\u00e0 20.000) ; 2.658 (jusqu\u2019\u00e0 50.000) ; 6% de la demande (\u00e0 partir de 50.000).<\/p>\n<p>&nbsp;<\/p>\n<p>Fasoon se r\u00e9serve le droit d\u2019exiger un paiement anticip\u00e9 \u00e0 tout moment et sans donner de raisons. Fasoon a le droit de refuser de fournir la prestation de services ou la livraison de produits en cas de retard de paiement. Dans le cas d\u2019un achat sur paiement anticip\u00e9, la prestation de service ou la livraison du produit n\u2019ont lieu qu\u2019une fois que Fasoon a re\u00e7u le paiement correspondant.<\/p>\n<p>La compensation du montant factur\u00e9 par une \u00e9ventuelle cr\u00e9ance du client vis-\u00e0-vis de Fasoon n\u2019est pas autoris\u00e9e.<\/p>\n<p>&nbsp;<\/p>\n<ol start=\"7\">\n<li>Obligations du client<\/li>\n<\/ol>\n<ul>\n<li>Exercice des droits d\u2019utilisation<\/li>\n<\/ul>\n<p>Le client s\u2019engage \u00e0 n\u2019exercer les droits d\u2019utilisation que dans les limites pr\u00e9vues. De plus, le stockage s\u00fbr des donn\u00e9es d\u2019acc\u00e8s et des mots de passe est enti\u00e8rement de la responsabilit\u00e9 du client. De plus le client est lui-m\u00eame responsable du contenu des donn\u00e9es et des informations saisies.<\/p>\n<p>En acceptant les pr\u00e9sentes CGV, le client confirme qu\u2019il dispose d\u2019une Capacit\u00e9 civile active inconditionnelle et qu\u2019il est majeur. En s\u2019inscrivant, le client d\u00e9clare express\u00e9ment que toutes les informations fournies correspondent \u00e0 la v\u00e9rit\u00e9, qu\u2019elles sont \u00e0 jour et qu\u2019elles respectent les droits des tiers, sont morales et l\u00e9gales.<\/p>\n<p>Fasoon est en droit de contr\u00f4ler le comportement du client en ce qui concerne l\u2019utilisation de la plateforme internet. Fasoon est particuli\u00e8rement en droit de v\u00e9rifier \u00e0 tout moment la l\u00e9galit\u00e9 du contenu saisi par le client sur la plateforme internet.<\/p>\n<ul>\n<li>Devoir de collaboration<\/li>\n<\/ul>\n<p>Le client s\u2019engage \u00e0 prendre imm\u00e9diatement toutes les dispositions n\u00e9cessaires pour la prestation de services par Fasoon. Le client doit prendre ces dispositions \u00e0 l\u2019endroit convenu, au moment convenu et dans la mesure convenue. Cela comprend notamment la mise \u00e0 disposition des informations et des documents n\u00e9cessaires \u00e0 Fasoon.<\/p>\n<p>De plus, le client doit collaborer enti\u00e8rement et rapidement. Le client doit transmettre spontan\u00e9ment \u00e0 Fasoon l\u2019ensemble des documents et des informations n\u00e9cessaires en relation avec la prestation de services, et s\u2019assurer que leur contenu est correct. Fasoon part du principe que les informations et les documents qui lui sont transmis sont justes et complets, et r\u00e9pondent aux devoirs de collaboration et d\u2019information. Fasoon n\u2019est charg\u00e9 de v\u00e9rifier l\u2019exactitude et la r\u00e9gularit\u00e9 des documents, informations et chiffres du client que si cela a \u00e9t\u00e9 au pr\u00e9alable convenu par \u00e9crit.<\/p>\n<ol start=\"8\">\n<li>Obligations de Fasoon\u00a0<\/li>\n<\/ol>\n<ul>\n<li>Prestation de services<\/li>\n<\/ul>\n<p>Sauf accord contraire, Fasoon remplit son obligation en fournissant la prestation de services convenue. La majeure partie des prestations de services de Fasoon sont fournies en ligne. Pour toutes les autres prestations de services, le si\u00e8ge de Fasoon est r\u00e9put\u00e9 lieu de prestation, sauf si des dispositions contraires ont \u00e9t\u00e9 convenues.<\/p>\n<ul>\n<li>Personnes auxiliaires<\/li>\n<\/ul>\n<p>Pour remplir les obligations d\u00e9coulant du pr\u00e9sent contrat, les parties ont express\u00e9ment le droit de faire appel \u00e0 des personnes auxiliaires. Les parties s\u2019engagent \u00e0 s\u2019assurer que l\u2019appel aux personnes auxiliaires respecte toutes les dispositions l\u00e9gales obligatoires ainsi que toute les conventions collectives de travail.<\/p>\n<ol start=\"9\">\n<li>R\u00e9siliation<\/li>\n<\/ol>\n<ul>\n<li>Prestations de services<\/li>\n<\/ul>\n<p>Les deux parties ont le droit de r\u00e9silier \u00e0 tout moment le contrat. La partie r\u00e9siliant le contrat doit alors rembourser enti\u00e8rement \u00e0 l\u2019autre partie toutes les d\u00e9penses d\u00e9j\u00e0 engag\u00e9es par cette derni\u00e8re. La r\u00e9siliation n\u2019est toutefois pas autoris\u00e9e \u00e0 un moment inopportun. Les co\u00fbts entra\u00een\u00e9s par la r\u00e9siliation seront factur\u00e9s au client. Ceux-ci s\u2019\u00e9l\u00e8vent \u00e0 50% en cas de r\u00e9siliation avant le passage devant le notaire (pour la constitution de la soci\u00e9t\u00e9 ou la modification des statuts ) et \u00e0 100% en cas de r\u00e9siliation apr\u00e8s le passage devant le notaire ( pour la constitution de la soci\u00e9t\u00e9 ou la modification des statuts ) des frais ordinaires de Fasoon SA dans le cadre de la transaction command\u00e9e.<\/p>\n<ul>\n<li>Produits<\/li>\n<\/ul>\n<p>En principe, l\u2019\u00e9change des produits est exclu.<\/p>\n<ol start=\"10\">\n<li>R\u00e9serve de propri\u00e9t\u00e9<\/li>\n<\/ol>\n<p>Les produits restent la propri\u00e9t\u00e9 de Fasoon jusqu\u2019au versement complet du prix d\u2019achat. Jusqu\u2019\u00e0 ce moment, le client ne peut pas disposer librement des produits, il ne peut en particulier pas les vendre ni les louer ni les mettre en gage.<\/p>\n<ol start=\"11\">\n<li>Garantie<\/li>\n<\/ol>\n<p>Fasoon s\u2019efforce de garantir une bonne disponibilit\u00e9 de www.fasoon.ch, et prend des pr\u00e9cautions raisonnables afin de prot\u00e9ger www.fasoon.ch contre des intrusions par des tiers.<\/p>\n<p>Toutefois, Fasoon ne peut pas garantir que www.fasoon.ch et les prestations de services propos\u00e9es fonctionnent sans interruption et sans probl\u00e8me, ni que les fichiers ne contiennent pas de virus. Fasoon n\u2019assure aucune garantie pour l\u2019exactitude, l\u2019exhaustivit\u00e9 et la fiabilit\u00e9 ou la qualit\u00e9 professionnelle et de contenu des informations, documents et processus publi\u00e9s ou transmis, ni pour le r\u00e9sultat des prestations de services. En outre, Fasoon ne peut pas garantir que l\u2019utilisation de la prestation de services ne perturbera ni n\u2019endommagera pas l\u2019infrastructure du client (par des spams, des logiciels malveillants, des logiciels espions, des attaques de hacker ou de phishing, etc.), ni ne lui causera d\u2019autres dommages. Les \u00e9ventuels probl\u00e8mes ou anomalies doivent \u00eatre imm\u00e9diatement signal\u00e9s \u00e0 Fasoon.<\/p>\n<p>Fasoon garantit que le mat\u00e9riau et la fabrication du produit ne pr\u00e9sentent pas de d\u00e9fauts.<\/p>\n<p>Les \u00e9ventuels d\u00e9fauts doivent \u00eatre imm\u00e9diatement signal\u00e9s \u00e0 Fasoon. C\u2019est \u00e0 Fasoon de d\u00e9cider si le produit d\u00e9fectueux sera r\u00e9par\u00e9 ou remplac\u00e9. Ce n\u2019est que lorsque le remplacement ou la r\u00e9paration ne sont pas possible que le client peut demander la r\u00e9duction ou le remboursement du prix d\u2019achat. Le droit au remboursement des frais d\u2019une r\u00e9paration par un tiers est exclu. Durant la dur\u00e9e de la r\u00e9paration, le client n\u2019a aucun droit \u00e0 un produit de remplacement. La garantie de l\u2019\u00e9l\u00e9ment r\u00e9par\u00e9 repart de z\u00e9ro; pour les autres \u00e9l\u00e9ments du produit, c\u2019est la garantie d\u2019origine qui continue.<\/p>\n<ol start=\"12\">\n<li>Protection des donn\u00e9es<\/li>\n<\/ol>\n<p>La d\u00e9claration de confidentialit\u00e9 vous informe express\u00e9ment sur le type, l\u2019\u00e9tendue et le but de la collecte, du traitement et de l\u2019utilisation des donn\u00e9es personnelles par Fasoon dans le cadre de l\u2019ex\u00e9cution des commandes. La d\u00e9claration de confidentialit\u00e9 de Fasoon en relation avec www.fasoon.ch fait partie int\u00e9grante des pr\u00e9sentes CGV. En acceptant les pr\u00e9sentes CGV, vous acceptez \u00e9galement la d\u00e9claration de confidentialit\u00e9.<\/p>\n<p>13 Informations sur les relations avec les clients<\/p>\n<p>Les clients de Fasoon prennent note du fait que Fasoon sera inform\u00e9 dans le cadre de la coop\u00e9ration avec les banques partenaires dans chaque cas d\u2019une relation client conclue avec une banque partenaire. En acceptant les CGV, les banques partenaires sont autoris\u00e9es \u00e0 \u00e9changer des informations en rapport avec la relation client avec Fasoon dans le cadre du processus d\u2019ouverture de compte et sont lib\u00e9r\u00e9es du secret bancaire.<\/p>\n<ol start=\"14\">\n<li>Responsabilit\u00e9<\/li>\n<\/ol>\n<p>Les \u00e9ventuelles demandes de dommages-int\u00e9r\u00eats pour impossibilit\u00e9 de la prestation, pour violation du contrat, pour faute lors de la conclusion du contrat et pour action non autoris\u00e9e sont exclues, dans la mesure o\u00f9 MWD n\u2019a pas commis d\u2019erreur intentionnelle ni de n\u00e9gligence grave. La responsabilit\u00e9 pour n\u00e9gligence l\u00e9g\u00e8re est explicitement exclue. La responsabilit\u00e9 pour dommages directs et indirects, dommages cons\u00e9cutifs et perte de gain li\u00e9s \u00e0 l\u2019utilisation, \u00e0 une erreur ou \u00e0 une mauvaise performance est exclue. La responsabilit\u00e9 pour dommages directs est limit\u00e9e \u00e0 la somme des prestations de services et produits acquis par le client. Cette limite de garantie ne s\u2019applique pas aux dommages directement entra\u00een\u00e9s par intention ou n\u00e9gligence grave.<\/p>\n<p>Le client doit signaler imm\u00e9diatement les \u00e9ventuels dommages de Fasoon.<\/p>\n<p>Toute responsabilit\u00e9 pour les personnes auxiliaires est enti\u00e8rement exclue.<\/p>\n<ol start=\"15\">\n<li>Droits de propri\u00e9t\u00e9 intellectuelle<\/li>\n<\/ol>\n<p>Tous les droits sur les prestations de services et les produits, ainsi que les \u00e9ventuelles marques, reviennent \u00e0 Fasoon, ou elle est autoris\u00e9e \u00e0 les utiliser par le propri\u00e9taire. Ni les pr\u00e9sentes CGV ni les accords qui y sont relatifs visent le transfert des droits de propri\u00e9t\u00e9 intellectuelle, sauf en cas de mention explicite contraire. En outre, toute r\u00e9utilisation, publication ou mise \u00e0 disposition des informations, des mat\u00e9riels image et texte, ainsi que de tout autre \u00e9l\u00e9ment obtenu par le client en lien avec les pr\u00e9sentes dispositions sont interdites, sauf autorisation explicite contraire par Fasoon. Si le client utilise, en lien avec Fasoon, des contenus, des mat\u00e9riels image ou texte prot\u00e9g\u00e9s par des tiers, le client doit garantir que les droits de protection des tiers sont respect\u00e9s.<\/p>\n<ol start=\"16\">\n<li>Clause de sauvegarde<\/li>\n<\/ol>\n<p>Dans le cas o\u00f9 une disposition des pr\u00e9sentes CGV ou une annexe \u00e0 ce contrat \u00e9tait invalide ou inefficace, cela n\u2019aurait pas d\u2019impact sur l\u2019efficacit\u00e9 des dispositions restantes et des pr\u00e9sentes CGV dans leur ensemble. Les parties contractantes remplaceront une disposition inefficace par une disposition efficace le plus proche possible de l\u2019objectif \u00e9conomique vis\u00e9 par la disposition invalide. La m\u00eame chose s\u2019applique si le contrat pr\u00e9sente des lacunes.<\/p>\n<ol start=\"17\">\n<li>Modification des CGV<\/li>\n<\/ol>\n<p>Fasoon se r\u00e9serve le droit de modifier \u00e0 tout moment les pr\u00e9sentes CGV. La nouvelle version des CGV entre en vigueur \u00e0 leur publication sur le site internet de Fasoon.<\/p>\n<p>La version des CGV d\u00e9terminante pour le client est celle valable au moment de la commande, qui ne peut pas \u00eatre modifi\u00e9e unilat\u00e9ralement pour la commande en question.<\/p>\n<ol start=\"18\">\n<li>Priorit\u00e9<\/li>\n<\/ol>\n<p>Les pr\u00e9sentes CGV l\u2019emportent sur l\u2019ensemble des dispositions et des contrats ant\u00e9rieurs. Seules les dispositions de contrats individuels auxquelles les pr\u00e9sentes CGV renvoient priment les pr\u00e9sentes CGV.<\/p>\n<ol start=\"19\">\n<li>Confidentialit\u00e9<\/li>\n<\/ol>\n<p>Les deux parties, ainsi que les personnes auxiliaires, s\u2019engagent \u00e0 respecter la confidentialit\u00e9 de toutes les informations pr\u00e9sent\u00e9es ou obtenues dans le cadre des prestations. Cette obligation perdure \u00e9galement apr\u00e8s la cessation du contrat.<\/p>\n<ol start=\"20\">\n<li>Force majeure<\/li>\n<\/ol>\n<p>Si l\u2019ex\u00e9cution dans les d\u00e9lais par Fasoon, ses fournisseurs ou d\u2019autres tiers mandat\u00e9s est rendu impossible suite \u00e0 une situation de force majeure (par ex. catastrophes naturelles, tremblements de terre, \u00e9ruptions volcaniques, avalanches, intemp\u00e9ries, orages, temp\u00eates, guerres, \u00e9meutes, guerres civiles, r\u00e9volutions, soul\u00e8vements, terrorisme, sabotage, gr\u00e8ves, accidents nucl\u00e9aires ou endommagements de r\u00e9acteurs), Fasoon est dispens\u00e9e de l\u2019ex\u00e9cution des obligations en question durant la p\u00e9riode de force majeure ainsi que durant un d\u00e9lai suppl\u00e9mentaire raisonnable. Si le cas de force majeure dure plus de 30 jours, Fasoon peut r\u00e9silier le contrat. Les sommes d\u00e9j\u00e0 vers\u00e9es doivent \u00eatre enti\u00e8rement rembours\u00e9es par Fasoon.<\/p>\n<p>Toute autre demande, en particulier de dommages-int\u00e9r\u00eats, li\u00e9e \u00e0 une situation de force majeure est exclue.<\/p>\n<ol start=\"21\">\n<li>For juridique et droit applicable<\/li>\n<\/ol>\n<p>Les pr\u00e9sentes CGV et l\u2019ensemble des rapports contractuels entre vous et Fasoon sont soumises au droit suisse, \u00e0 l\u2019exclusion des dispositions du droit priv\u00e9 international et de la Convention des Nations unies sur les contrats de vente internationale de marchandises (CVIM). Dans la mesure autoris\u00e9e par la loi, c\u2019est le si\u00e8ge de Fasoon qui tient lieu de for juridique. Sinon, le for juridique est le domicile du client.<\/p>\n<p>&nbsp;<\/p>\n<p>&nbsp;<\/p>\n<ol start=\"22\">\n<li>Texte faisant foi<\/li>\n<\/ol>\n<p>&nbsp;<\/p>\n<p>Ces CGV sont r\u00e9dig\u00e9es en allemand, fran\u00e7ais et italien.<\/p>\n<p>En cas de contradictions, la version allemande fait foi.<\/p>\n<p>&nbsp;<\/p>\n<p>&nbsp;<\/p>\n<p><em>Stand: 28.05.2018 V 2.0<\/em><\/p>\n<p>[\/et_pb_text][\/et_pb_column][\/et_pb_row][\/et_pb_section]<\/p>\n","protected":false},"excerpt":{"rendered":"<p>Les pr\u00e9sentes CGV r\u00e9gissent les droits et les obligations en rapport avec l\u2019utilisation des prestations de services propos\u00e9es sur le site internet\u00a0www.fasoon.ch. &nbsp; Introduction Fasoon AG, Appenzell (\u00abFasoon\u00bb) poss\u00e8de et exploite la plateforme internet www.fasoon.ch (\u00abwww.fasoon\u00bb). www.fasoon propose des prestations de services et des produits payants et non payants relatifs \u00e0 la cr\u00e9ation d\u2019entreprises, \u00e0 [&hellip;]<\/p>\n","protected":false},"author":1,"featured_media":0,"parent":0,"menu_order":0,"comment_status":"closed","ping_status":"closed","template":"","meta":{"_acf_changed":false,"_et_pb_use_builder":"on","_et_pb_old_content":"","_et_gb_content_width":"","inline_featured_image":false,"footnotes":""},"class_list":["post-687","page","type-page","status-publish","hentry"],"acf":[],"_links":{"self":[{"href":"https:\/\/startup-index.ch\/fr\/wp-json\/wp\/v2\/pages\/687","targetHints":{"allow":["GET"]}}],"collection":[{"href":"https:\/\/startup-index.ch\/fr\/wp-json\/wp\/v2\/pages"}],"about":[{"href":"https:\/\/startup-index.ch\/fr\/wp-json\/wp\/v2\/types\/page"}],"author":[{"embeddable":true,"href":"https:\/\/startup-index.ch\/fr\/wp-json\/wp\/v2\/users\/1"}],"replies":[{"embeddable":true,"href":"https:\/\/startup-index.ch\/fr\/wp-json\/wp\/v2\/comments?post=687"}],"version-history":[{"count":2,"href":"https:\/\/startup-index.ch\/fr\/wp-json\/wp\/v2\/pages\/687\/revisions"}],"predecessor-version":[{"id":689,"href":"https:\/\/startup-index.ch\/fr\/wp-json\/wp\/v2\/pages\/687\/revisions\/689"}],"wp:attachment":[{"href":"https:\/\/startup-index.ch\/fr\/wp-json\/wp\/v2\/media?parent=687"}],"curies":[{"name":"wp","href":"https:\/\/api.w.org\/{rel}","templated":true}]}}