{"id":690,"date":"2021-08-12T09:16:53","date_gmt":"2021-08-12T09:16:53","guid":{"rendered":"https:\/\/startup-index.ch\/lannuaire-des-startups\/"},"modified":"2022-09-11T08:01:15","modified_gmt":"2022-09-11T08:01:15","slug":"lannuaire-des-startups","status":"publish","type":"page","link":"https:\/\/startup-index.ch\/fr\/lannuaire-des-startups\/","title":{"rendered":"L&rsquo;annuaire"},"content":{"rendered":"<p>[et_pb_section fb_built=\u00a0\u00bb1&Prime; _builder_version=\u00a0\u00bb4.9.4&Prime; _module_preset=\u00a0\u00bbdefault\u00a0\u00bb][et_pb_row use_custom_gutter=\u00a0\u00bbon\u00a0\u00bb gutter_width=\u00a0\u00bb2&Prime; make_equal=\u00a0\u00bbon\u00a0\u00bb _builder_version=\u00a0\u00bb4.9.4&Prime; _module_preset=\u00a0\u00bbdefault\u00a0\u00bb custom_padding=\u00a0\u00bb||||false|false\u00a0\u00bb][et_pb_column type=\u00a0\u00bb4_4&Prime; _builder_version=\u00a0\u00bb4.9.4&Prime; _module_preset=\u00a0\u00bbdefault\u00a0\u00bb][et_pb_text admin_label=\u00a0\u00bbText\u00a0\u00bb _builder_version=\u00a0\u00bb4.9.7&Prime; _module_preset=\u00a0\u00bbdefault\u00a0\u00bb]<\/p>\n<h2>Les d\u00e9buts sont difficiles<\/h2>\n<p>Nous sommes conscients qu&rsquo;il est difficile pour les cr\u00e9ateurs d&rsquo;entreprise de d\u00e9crocher des contrats, surtout au d\u00e9but. Les raisons sont \u00e9videntes : le marketing est co\u00fbteux et la publicit\u00e9 dans les moteurs de recherche est on\u00e9reuse.<\/p>\n<p>&nbsp;<\/p>\n<h2>Trouver et \u00eatre trouv\u00e9 \u00e0 un co\u00fbt minimal<\/h2>\n<p>C&rsquo;est pour cette raison que nous avons cr\u00e9\u00e9 un r\u00e9pertoire d&rsquo;entreprises destin\u00e9 exclusivement aux cr\u00e9ateurs d&rsquo;entreprise suisses. Chaque entreprise suisse a la possibilit\u00e9 de se faire inscrire dans ce r\u00e9pertoire moyennant une cotisation mensuelle de 20 CHF. Ce droit s&rsquo;\u00e9teint d\u00e8s que l&rsquo;entreprise a plus de cinq ans, car nous souhaitons explicitement soutenir les jeunes entreprises.<\/p>\n<p>Cela permet d&rsquo;une part aux jeunes entreprises de se soutenir mutuellement par des commandes, mais d&rsquo;autre part, nous souhaitons \u00e9galement attirer l&rsquo;attention d&rsquo;autres clients potentiels sur les entreprises figurant dans le Startup Index.<\/p>\n<p><strong>Notre offre :<\/strong><br \/>Pour toutes les entreprises l&rsquo;annuaire est gratuit la premi\u00e8re ann\u00e9e (2022). Pour les entreprises cr\u00e9\u00e9es via <a href=\"https:\/\/fasoon.ch\/fr\/\" target=\"_blank\" rel=\"noopener\">Fasoon<\/a>, \u00e0 partir de la deuxi\u00e8me ann\u00e9e, il y a une r\u00e9duction de 50% pour l&rsquo;inscription dans l&rsquo;index des startups.<\/p>\n<p>Avec les recettes, nous couvrons uniquement nos frais, le reste est consacr\u00e9 \u00e0 la commercialisation de l&rsquo;annuaire. Ainsi, les entreprises de l&rsquo;annuaire se soutiennent mutuellement.<\/p>\n<p>Nous f\u00e9licitons tous les cr\u00e9ateurs d&rsquo;entreprise d&rsquo;avoir eu le courage de se mettre \u00e0 leur compte et leur souhaitons beaucoup de plaisir et de succ\u00e8s avec leur entreprise ! Au nom des jeunes entreprises, nous remercions chaleureusement les donneurs d&rsquo;ordre pour leurs commandes. Dans l&rsquo;esprit de \u00ab\u00a0Par les entrepreneurs pour les entrepreneurs\u00a0\u00bb.<\/p>\n<p>Votre \u00e9quipe Fasoon !<\/p>\n<p>[\/et_pb_text][\/et_pb_column][\/et_pb_row][\/et_pb_section]<\/p>\n","protected":false},"excerpt":{"rendered":"<p>Les d\u00e9buts sont difficiles Nous sommes conscients qu&rsquo;il est difficile pour les cr\u00e9ateurs d&rsquo;entreprise de d\u00e9crocher des contrats, surtout au d\u00e9but. Les raisons sont \u00e9videntes : le marketing est co\u00fbteux et la publicit\u00e9 dans les moteurs de recherche est on\u00e9reuse. &nbsp; Trouver et \u00eatre trouv\u00e9 \u00e0 un co\u00fbt minimal C&rsquo;est pour cette raison que nous [&hellip;]<\/p>\n","protected":false},"author":1,"featured_media":0,"parent":0,"menu_order":0,"comment_status":"closed","ping_status":"closed","template":"","meta":{"_acf_changed":false,"_et_pb_use_builder":"on","_et_pb_old_content":"","_et_gb_content_width":"","inline_featured_image":false,"footnotes":""},"class_list":["post-690","page","type-page","status-publish","hentry"],"acf":[],"_links":{"self":[{"href":"https:\/\/startup-index.ch\/fr\/wp-json\/wp\/v2\/pages\/690","targetHints":{"allow":["GET"]}}],"collection":[{"href":"https:\/\/startup-index.ch\/fr\/wp-json\/wp\/v2\/pages"}],"about":[{"href":"https:\/\/startup-index.ch\/fr\/wp-json\/wp\/v2\/types\/page"}],"author":[{"embeddable":true,"href":"https:\/\/startup-index.ch\/fr\/wp-json\/wp\/v2\/users\/1"}],"replies":[{"embeddable":true,"href":"https:\/\/startup-index.ch\/fr\/wp-json\/wp\/v2\/comments?post=690"}],"version-history":[{"count":8,"href":"https:\/\/startup-index.ch\/fr\/wp-json\/wp\/v2\/pages\/690\/revisions"}],"predecessor-version":[{"id":3793,"href":"https:\/\/startup-index.ch\/fr\/wp-json\/wp\/v2\/pages\/690\/revisions\/3793"}],"wp:attachment":[{"href":"https:\/\/startup-index.ch\/fr\/wp-json\/wp\/v2\/media?parent=690"}],"curies":[{"name":"wp","href":"https:\/\/api.w.org\/{rel}","templated":true}]}}