{"id":708,"date":"2021-08-12T09:23:34","date_gmt":"2021-08-12T09:23:34","guid":{"rendered":"https:\/\/startup-index.ch\/recherche-de-startup\/"},"modified":"2022-09-11T07:59:44","modified_gmt":"2022-09-11T07:59:44","slug":"recherche-de-startup","status":"publish","type":"page","link":"https:\/\/startup-index.ch\/fr\/","title":{"rendered":"Trouver des start-ups"},"content":{"rendered":"<p>[et_pb_section fb_built=\u00a0\u00bb1&Prime; _builder_version=\u00a0\u00bb4.9.4&Prime; _module_preset=\u00a0\u00bbdefault\u00a0\u00bb custom_padding=\u00a0\u00bb0px||||false|false\u00a0\u00bb][et_pb_row _builder_version=\u00a0\u00bb4.9.4&Prime; _module_preset=\u00a0\u00bbdefault\u00a0\u00bb][et_pb_column type=\u00a0\u00bb4_4&Prime; _builder_version=\u00a0\u00bb4.9.4&Prime; _module_preset=\u00a0\u00bbdefault\u00a0\u00bb][et_pb_text disabled_on=\u00a0\u00bbon|on|off\u00a0\u00bb _builder_version=\u00a0\u00bb4.9.7&Prime; _module_preset=\u00a0\u00bbdefault\u00a0\u00bb custom_margin=\u00a0\u00bb||20px||false|false\u00a0\u00bb hover_enabled=\u00a0\u00bb0&Prime; sticky_enabled=\u00a0\u00bb0&Prime;]<\/p>\n<h1>L&rsquo;annuaire suisse des startups<\/h1>\n<p>[\/et_pb_text][et_pb_text disabled_on=\u00a0\u00bbon|on|off\u00a0\u00bb _builder_version=\u00a0\u00bb4.9.7&Prime; _module_preset=\u00a0\u00bbdefault\u00a0\u00bb custom_margin=\u00a0\u00bb||20px||false|false\u00a0\u00bb]<\/p>\n<h2>Vous cherchez un service ou un produit sp\u00e9cifique ?<\/h2>\n<p>&nbsp;<\/p>\n<p>Pourquoi ne pas soutenir les jeunes entreprises et les startups suisses ? Rien de plus simple &#8211; avec notre Startup Index.<\/p>\n<p>De nombreux entrepreneurs ont du mal \u00e0 faire de la prospection. Il y a trop de choses \u00e0 faire apr\u00e8s la cr\u00e9ation de sa propre entreprise. Dans notre annuaire, les jeunes entreprises peuvent s&rsquo;inscrire et cr\u00e9er un profil en quelques clics. Le service s&rsquo;adresse aux entreprises de moins de cinq ans. Avec ce r\u00e9pertoire, nous souhaitons aider les startups \u00e0 r\u00e9aliser leur r\u00eave et \u00e0 prendre pied sur le march\u00e9.<\/p>\n<p>[\/et_pb_text][et_pb_text disabled_on=\u00a0\u00bboff|off|on\u00a0\u00bb admin_label=\u00a0\u00bbText mobile\u00a0\u00bb _builder_version=\u00a0\u00bb4.9.7&Prime; _module_preset=\u00a0\u00bbdefault\u00a0\u00bb]<\/p>\n<p>Soutenez les jeunes entreprises et les startups suisses !<\/p>\n<p>Les jeunes entreprises (de moins de 5 ans) peuvent facilement cr\u00e9er un profil et \u00eatre trouv\u00e9es.<\/p>\n<p>[\/et_pb_text][et_pb_button button_url=\u00a0\u00bb@ET-DC@eyJkeW5hbWljIjp0cnVlLCJjb250ZW50IjoicG9zdF9saW5rX3VybF9wYWdlIiwic2V0dGluZ3MiOnsicG9zdF9pZCI6IjMwIn19@\u00a0\u00bb button_text=\u00a0\u00bbS&rsquo;inscrire gratuitement\u00a0\u00bb button_alignment=\u00a0\u00bbcenter\u00a0\u00bb disabled_on=\u00a0\u00bboff|off|on\u00a0\u00bb admin_label=\u00a0\u00bbKostenlos anmelden\u00a0\u00bb _builder_version=\u00a0\u00bb4.9.7&Prime; _dynamic_attributes=\u00a0\u00bbbutton_url\u00a0\u00bb _module_preset=\u00a0\u00bbdefault\u00a0\u00bb custom_button=\u00a0\u00bbon\u00a0\u00bb button_bg_color=\u00a0\u00bb#FA003B\u00a0\u00bb button_border_color=\u00a0\u00bb#FA003B\u00a0\u00bb button_use_icon=\u00a0\u00bboff\u00a0\u00bb custom_margin=\u00a0\u00bb||||false|false\u00a0\u00bb custom_margin_tablet=\u00a0\u00bb||20px||false|false\u00a0\u00bb custom_margin_phone=\u00a0\u00bb||10px||false|false\u00a0\u00bb custom_margin_last_edited=\u00a0\u00bbon|phone\u00a0\u00bb button_border_radius__hover_enabled=\u00a0\u00bboff|desktop\u00a0\u00bb][\/et_pb_button][\/et_pb_column][\/et_pb_row][et_pb_row _builder_version=\u00a0\u00bb4.9.4&Prime; _module_preset=\u00a0\u00bbdefault\u00a0\u00bb width=\u00a0\u00bb100%\u00a0\u00bb max_width=\u00a0\u00bb2560px\u00a0\u00bb custom_padding=\u00a0\u00bb0px||||false|false\u00a0\u00bb][et_pb_column type=\u00a0\u00bb4_4&Prime; _builder_version=\u00a0\u00bb4.9.4&Prime; _module_preset=\u00a0\u00bbdefault\u00a0\u00bb][et_pb_text admin_label=\u00a0\u00bbFilter\u00a0\u00bb _builder_version=\u00a0\u00bb4.9.4&Prime; _module_preset=\u00a0\u00bbdefault\u00a0\u00bb]<\/p>\n<div><form class=\"startups-filter\" action=\"\" method=\"GET\">\n\n\t<div class=\"page-header\">\n\t\t<div class=\"container\">\n\t\t\t<div class=\"page-header-title\">\n\t\t\t\t<div class=\"page-header-title-column\">\n\t\t\t\t\t<h1 class=\"title\">Trouver des start-ups<\/h1>\n\t\t\t\t\t<div class=\"subtitle\">\n                        Filtrer par\t\t\t\t\t<\/div>\n\t\t\t\t<\/div>\n\t\t\t\t<div class=\"page-header-form-column\">\n\t\t\t\t\t<div class=\"fields\">\n\t\t\t\t\t\t<div class=\"row\">\n\t\t\t\t\t\t\t<div>\n\t\t\t\t\t\t\t<input type=\"text\"\n\t\t\t\t\t\t\t       name=\"startup_filter\"\n\t\t\t\t\t\t\t       placeholder=\"Search Startup\"\n\t\t\t\t\t\t\t       value=\"\"\n\t\t\t\t\t\t\t>\n\t\t\t\t\t\t\t<\/div>\n\t\t\t\t\t\t<\/div>\n\t\t\t\t\t\t<div class=\"row two-col\">\n                                                            <div>\n\t\t\t\t\t\t\t\t<select class=\"startups-filter-select2\" data-placeholder=\"Canton\" name=\"startup_cantons[]\" multiple style=\"display: none;\">\n                                    \t\t\t\t\t\t\t\t\t\t<option value=\"38\">\n                                            Z\u00fcrich\t\t\t\t\t\t\t\t\t\t<\/option>\n                                    \t\t\t\t\t\t\t\t\t\t<option value=\"39\">\n                                            Bern\t\t\t\t\t\t\t\t\t\t<\/option>\n                                    \t\t\t\t\t\t\t\t\t\t<option value=\"40\">\n                                            Luzern\t\t\t\t\t\t\t\t\t\t<\/option>\n                                    \t\t\t\t\t\t\t\t\t\t<option value=\"41\">\n                                            Uri\t\t\t\t\t\t\t\t\t\t<\/option>\n                                    \t\t\t\t\t\t\t\t\t\t<option value=\"42\">\n                                            Schwyz\t\t\t\t\t\t\t\t\t\t<\/option>\n                                    \t\t\t\t\t\t\t\t\t\t<option value=\"43\">\n                                            Obwalden\t\t\t\t\t\t\t\t\t\t<\/option>\n                                    \t\t\t\t\t\t\t\t\t\t<option value=\"44\">\n                                            Nidwalden\t\t\t\t\t\t\t\t\t\t<\/option>\n                                    \t\t\t\t\t\t\t\t\t\t<option value=\"45\">\n                                            Glarus\t\t\t\t\t\t\t\t\t\t<\/option>\n                                    \t\t\t\t\t\t\t\t\t\t<option value=\"46\">\n                                            Zug\t\t\t\t\t\t\t\t\t\t<\/option>\n                                    \t\t\t\t\t\t\t\t\t\t<option value=\"47\">\n                                            Freiburg\t\t\t\t\t\t\t\t\t\t<\/option>\n                                    \t\t\t\t\t\t\t\t\t\t<option value=\"48\">\n                                            Solothurn\t\t\t\t\t\t\t\t\t\t<\/option>\n                                    \t\t\t\t\t\t\t\t\t\t<option value=\"49\">\n                                            Basel-Stadt\t\t\t\t\t\t\t\t\t\t<\/option>\n                                    \t\t\t\t\t\t\t\t\t\t<option value=\"50\">\n                                            Basel-Landschaft\t\t\t\t\t\t\t\t\t\t<\/option>\n                                    \t\t\t\t\t\t\t\t\t\t<option value=\"51\">\n                                            Schaffhausen\t\t\t\t\t\t\t\t\t\t<\/option>\n                                    \t\t\t\t\t\t\t\t\t\t<option value=\"52\">\n                                            Appenzell Ausserrhoden\t\t\t\t\t\t\t\t\t\t<\/option>\n                                    \t\t\t\t\t\t\t\t\t\t<option value=\"53\">\n                                            Appenzell Innerrhoden\t\t\t\t\t\t\t\t\t\t<\/option>\n                                    \t\t\t\t\t\t\t\t\t\t<option value=\"54\">\n                                            St. Gallen\t\t\t\t\t\t\t\t\t\t<\/option>\n                                    \t\t\t\t\t\t\t\t\t\t<option value=\"55\">\n                                            Graub\u00fcnden\t\t\t\t\t\t\t\t\t\t<\/option>\n                                    \t\t\t\t\t\t\t\t\t\t<option value=\"56\">\n                                            Aargau\t\t\t\t\t\t\t\t\t\t<\/option>\n                                    \t\t\t\t\t\t\t\t\t\t<option value=\"57\">\n                                            Thurgau\t\t\t\t\t\t\t\t\t\t<\/option>\n                                    \t\t\t\t\t\t\t\t\t\t<option value=\"58\">\n                                            Tessin\t\t\t\t\t\t\t\t\t\t<\/option>\n                                    \t\t\t\t\t\t\t\t\t\t<option value=\"59\">\n                                            Waadt\t\t\t\t\t\t\t\t\t\t<\/option>\n                                    \t\t\t\t\t\t\t\t\t\t<option value=\"60\">\n                                            Wallis\t\t\t\t\t\t\t\t\t\t<\/option>\n                                    \t\t\t\t\t\t\t\t\t\t<option value=\"61\">\n                                            Neuenburg\t\t\t\t\t\t\t\t\t\t<\/option>\n                                    \t\t\t\t\t\t\t\t\t\t<option value=\"62\">\n                                            Genf\t\t\t\t\t\t\t\t\t\t<\/option>\n                                    \t\t\t\t\t\t\t\t\t\t<option value=\"63\">\n                                            Jura\t\t\t\t\t\t\t\t\t\t<\/option>\n                                    \t\t\t\t\t\t\t\t\t\t<option value=\"64\">\n                                            F\u00fcrstentum Liechtenstein\t\t\t\t\t\t\t\t\t\t<\/option>\n                                    \t\t\t\t\t\t\t\t<\/select>\n                                <\/div>\n                                                                                        <div>\n\t\t\t\t\t\t\t\t<select class=\"startups-filter-select2\" data-placeholder=\"Services\" name=\"startup_categories[]\" multiple style=\"display: none;\">\n                                    \t\t\t\t\t\t\t\t\t\t<option value=\"27\">\n                                            Comptabilit\u00e9\t\t\t\t\t\t\t\t\t\t<\/option>\n                                    \t\t\t\t\t\t\t\t\t\t<option value=\"31\">\n                                            Fiduciaire\t\t\t\t\t\t\t\t\t\t<\/option>\n                                    \t\t\t\t\t\t\t\t<\/select>\n                                <\/div>\n                            \t\t\t\t\t\t<\/div>\n\t\t\t\t\t<\/div>\n\t\t\t\t\t<div class=\"buttons\">\n\t\t\t\t\t\t<button type=\"submit\" class=\"btn btn-secondary btn-search\">Search<\/button>\n\t\t\t\t\t\t<button class=\"btn btn-tetriary btn-reset\" onclick=\"window.location.href = 'https:\/\/startup-index.ch'; return false;\">R\u00e9initialiser<\/button>\n\t\t\t\t\t<\/div>\n\t\t\t\t<\/div>\n\t\t\t<\/div>\n\t\t<\/div>\n\t<\/div>\n<\/form><\/div>\n<p>[\/et_pb_text][\/et_pb_column][\/et_pb_row][et_pb_row _builder_version=\u00a0\u00bb4.9.4&Prime; _module_preset=\u00a0\u00bbdefault\u00a0\u00bb custom_padding=\u00a0\u00bb||||false|false\u00a0\u00bb][et_pb_column type=\u00a0\u00bb4_4&Prime; _builder_version=\u00a0\u00bb4.9.4&Prime; _module_preset=\u00a0\u00bbdefault\u00a0\u00bb][et_pb_text admin_label=\u00a0\u00bbStartups\u00a0\u00bb _builder_version=\u00a0\u00bb4.9.4&Prime; _module_preset=\u00a0\u00bbdefault\u00a0\u00bb]<\/p>\n<div>\n    <div class=\"startup-catalog\">\n\n        <div class=\"startup-catalog-item\">\n    <a href=\"https:\/\/startup-index.ch\/fr\/startup\/regli-thurnheer-trueeb-sarl\/\"  class=\"logo\">\n        <img decoding=\"async\" src=\"https:\/\/startup-index.ch\/wp-content\/uploads\/2021\/08\/Regli-Thurnheer-Trueeb-300x70.png\"\n             alt=\"Regli,Thurnheer&amp;Tr\u00fceb S\u00e0rl\"\n             width=\"300\"\n        >\n    <\/a>\n    <h2><a href=\"https:\/\/startup-index.ch\/fr\/startup\/regli-thurnheer-trueeb-sarl\/\">Regli,Thurnheer&amp;Tr\u00fceb S\u00e0rl<\/a><\/h2>\n            <p class=\"description\">Nous soutenons les petites et moyennes entreprises depuis 2017 et, en tant qu&#039;auditeur agr\u00e9\u00e9, nous r\u00e9alisons des audits limit\u00e9s.<\/p>\n       <!-- <p class=\"canton\">-->\n<!--        --><!--    <\/p>-->\n    <div class=\"company-categories\">\n        <ul>\n                    <\/ul>\n    <\/div>\n<\/div><div class=\"startup-catalog-item\">\n    <a href=\"https:\/\/startup-index.ch\/fr\/startup\/swiss21-org-sa\/\"  class=\"logo\">\n        <img decoding=\"async\" src=\"https:\/\/startup-index.ch\/wp-content\/uploads\/2021\/08\/Swiss21Org_Logo_55x45_fr-300x245.png\"\n             alt=\"Swiss21.org SA\"\n             width=\"300\"\n        >\n    <\/a>\n    <h2><a href=\"https:\/\/startup-index.ch\/fr\/startup\/swiss21-org-sa\/\">Swiss21.org SA<\/a><\/h2>\n            <p class=\"description\">Swiss21.org num\u00e9rise les petites entreprises suisses. Avec des partenaires suisses et des logiciels d&#039;entreprise gratuits. Nous accompagnons les jeunes entreprises et les petites entreprises sur la voie de la transformation en entreprises num\u00e9riques. Utilisez nos outils et partez pour de nouveaux rivages. Rapide, int\u00e9gr\u00e9 et en r\u00e9seau.<\/p>\n       <!-- <p class=\"canton\">-->\n<!--        --><!--    <\/p>-->\n    <div class=\"company-categories\">\n        <ul>\n                            <li>Comptabilit\u00e9<\/li>\n                    <\/ul>\n    <\/div>\n<\/div><div class=\"startup-catalog-item\">\n    <a href=\"https:\/\/startup-index.ch\/fr\/startup\/fasoon-sa\/\"  class=\"logo\">\n        <img decoding=\"async\" src=\"https:\/\/startup-index.ch\/wp-content\/uploads\/2021\/08\/Fasoon-short-FR-440x220-1-300x150.jpg\"\n             alt=\"Fasoon SA\"\n             width=\"300\"\n        >\n    <\/a>\n    <h2><a href=\"https:\/\/startup-index.ch\/fr\/startup\/fasoon-sa\/\">Fasoon SA<\/a><\/h2>\n            <p class=\"description\">Cr\u00e9ation d&#039;une soci\u00e9t\u00e9, modifications du registre du commerce, services de domiciliation, services fiduciaires, conseils personnels et individuels gratuits.<\/p>\n       <!-- <p class=\"canton\">-->\n<!--        --><!--    <\/p>-->\n    <div class=\"company-categories\">\n        <ul>\n                            <li>Fiduciaire<\/li>\n                    <\/ul>\n    <\/div>\n<\/div>\n    <\/div>\n\n    \n<\/div>\n<p>[\/et_pb_text][\/et_pb_column][\/et_pb_row][\/et_pb_section]<\/p>\n","protected":false},"excerpt":{"rendered":"<p>[et_pb_section fb_built=\u00a0\u00bb1&Prime; _builder_version=\u00a0\u00bb4.9.4&Prime; _module_preset=\u00a0\u00bbdefault\u00a0\u00bb custom_padding=\u00a0\u00bb0px||||false|false\u00a0\u00bb][et_pb_row _builder_version=\u00a0\u00bb4.9.4&Prime; _module_preset=\u00a0\u00bbdefault\u00a0\u00bb][et_pb_column type=\u00a0\u00bb4_4&Prime; _builder_version=\u00a0\u00bb4.9.4&Prime; _module_preset=\u00a0\u00bbdefault\u00a0\u00bb][et_pb_text disabled_on=\u00a0\u00bbon|on|off\u00a0\u00bb _builder_version=\u00a0\u00bb4.9.7&Prime; _module_preset=\u00a0\u00bbdefault\u00a0\u00bb custom_margin=\u00a0\u00bb||20px||false|false\u00a0\u00bb hover_enabled=\u00a0\u00bb0&Prime; sticky_enabled=\u00a0\u00bb0&Prime;] L&rsquo;annuaire suisse des startups [\/et_pb_text][et_pb_text disabled_on=\u00a0\u00bbon|on|off\u00a0\u00bb _builder_version=\u00a0\u00bb4.9.7&Prime; _module_preset=\u00a0\u00bbdefault\u00a0\u00bb custom_margin=\u00a0\u00bb||20px||false|false\u00a0\u00bb] Vous cherchez un service ou un produit sp\u00e9cifique ? &nbsp; Pourquoi ne pas soutenir les jeunes entreprises et les startups suisses ? Rien de plus simple &#8211; avec notre Startup [&hellip;]<\/p>\n","protected":false},"author":1,"featured_media":0,"parent":0,"menu_order":0,"comment_status":"closed","ping_status":"open","template":"","meta":{"_acf_changed":false,"_et_pb_use_builder":"on","_et_pb_old_content":"","_et_gb_content_width":"","inline_featured_image":false,"footnotes":""},"class_list":["post-708","page","type-page","status-publish","hentry"],"acf":[],"_links":{"self":[{"href":"https:\/\/startup-index.ch\/fr\/wp-json\/wp\/v2\/pages\/708","targetHints":{"allow":["GET"]}}],"collection":[{"href":"https:\/\/startup-index.ch\/fr\/wp-json\/wp\/v2\/pages"}],"about":[{"href":"https:\/\/startup-index.ch\/fr\/wp-json\/wp\/v2\/types\/page"}],"author":[{"embeddable":true,"href":"https:\/\/startup-index.ch\/fr\/wp-json\/wp\/v2\/users\/1"}],"replies":[{"embeddable":true,"href":"https:\/\/startup-index.ch\/fr\/wp-json\/wp\/v2\/comments?post=708"}],"version-history":[{"count":7,"href":"https:\/\/startup-index.ch\/fr\/wp-json\/wp\/v2\/pages\/708\/revisions"}],"predecessor-version":[{"id":3792,"href":"https:\/\/startup-index.ch\/fr\/wp-json\/wp\/v2\/pages\/708\/revisions\/3792"}],"wp:attachment":[{"href":"https:\/\/startup-index.ch\/fr\/wp-json\/wp\/v2\/media?parent=708"}],"curies":[{"name":"wp","href":"https:\/\/api.w.org\/{rel}","templated":true}]}}