{"id":711,"date":"2021-08-12T09:25:00","date_gmt":"2021-08-12T09:25:00","guid":{"rendered":"https:\/\/startup-index.ch\/ricerca-startup\/"},"modified":"2022-03-21T10:26:17","modified_gmt":"2022-03-21T10:26:17","slug":"ricerca-startup","status":"publish","type":"page","link":"https:\/\/startup-index.ch\/it\/","title":{"rendered":"Ricerca Startup"},"content":{"rendered":"<p>[et_pb_section fb_built=&#8221;1&#8243; _builder_version=&#8221;4.9.4&#8243; _module_preset=&#8221;default&#8221; custom_padding=&#8221;0px||||false|false&#8221;][et_pb_row _builder_version=&#8221;4.9.4&#8243; _module_preset=&#8221;default&#8221;][et_pb_column type=&#8221;4_4&#8243; _builder_version=&#8221;4.9.4&#8243; _module_preset=&#8221;default&#8221;][et_pb_text disabled_on=&#8221;on|on|off&#8221; _builder_version=&#8221;4.9.7&#8243; _module_preset=&#8221;default&#8221; hover_enabled=&#8221;0&#8243; custom_margin=&#8221;||20px||false|false&#8221; sticky_enabled=&#8221;0&#8243;]<\/p>\n<h2>Stai cercando un servizio o un prodotto specifico?<\/h2>\n<p>&nbsp;<\/p>\n<p>Perch\u00e9 non sostenere le giovani aziende svizzere e le start-up? Niente di pi\u00f9 facile &#8211; con il nostro Startup Index.<\/p>\n<p>Molti imprenditori hanno difficolt\u00e0 con l&#8217;acquisizione. Ci sono troppe cose da fare dopo aver iniziato la propria attivit\u00e0. Nella nostra directory, le start-up possono registrarsi e creare un profilo con pochi clic. Il servizio \u00e8 rivolto alle aziende che hanno meno di cinque anni. Con questa directory vorremmo aiutare le start-up a realizzare il loro sogno e a prendere piede sul mercato.<\/p>\n<p>[\/et_pb_text][et_pb_text disabled_on=&#8221;off|off|on&#8221; admin_label=&#8221;Text mobile&#8221; _builder_version=&#8221;4.9.7&#8243; _module_preset=&#8221;default&#8221;]<\/p>\n<p>Sostenete le giovani aziende svizzere e le start-up!<\/p>\n<p>Le aziende giovani (non pi\u00f9 vecchie di 5 anni) possono semplicemente creare un profilo ed essere trovate.<\/p>\n<p>[\/et_pb_text][et_pb_button button_url=&#8221;@ET-DC@eyJkeW5hbWljIjp0cnVlLCJjb250ZW50IjoicG9zdF9saW5rX3VybF9wYWdlIiwic2V0dGluZ3MiOnsicG9zdF9pZCI6IjMwIn19@&#8221; button_text=&#8221;Registrazione gratuita&#8221; button_alignment=&#8221;center&#8221; disabled_on=&#8221;off|off|on&#8221; admin_label=&#8221;Kostenlos anmelden&#8221; _builder_version=&#8221;4.9.7&#8243; _dynamic_attributes=&#8221;button_url&#8221; _module_preset=&#8221;default&#8221; custom_button=&#8221;on&#8221; button_bg_color=&#8221;#FA003B&#8221; button_border_color=&#8221;#FA003B&#8221; button_use_icon=&#8221;off&#8221; custom_margin=&#8221;||||false|false&#8221; custom_margin_tablet=&#8221;||20px||false|false&#8221; custom_margin_phone=&#8221;||10px||false|false&#8221; custom_margin_last_edited=&#8221;on|phone&#8221; button_border_radius__hover_enabled=&#8221;off|desktop&#8221;][\/et_pb_button][\/et_pb_column][\/et_pb_row][et_pb_row _builder_version=&#8221;4.9.4&#8243; _module_preset=&#8221;default&#8221; width=&#8221;100%&#8221; max_width=&#8221;2560px&#8221; custom_padding=&#8221;0px||||false|false&#8221;][et_pb_column type=&#8221;4_4&#8243; _builder_version=&#8221;4.9.4&#8243; _module_preset=&#8221;default&#8221;][et_pb_text admin_label=&#8221;Filter&#8221; _builder_version=&#8221;4.9.4&#8243; _module_preset=&#8221;default&#8221;]<\/p>\n<div><form class=\"startups-filter\" action=\"\" method=\"GET\">\n\n\t<div class=\"page-header\">\n\t\t<div class=\"container\">\n\t\t\t<div class=\"page-header-title\">\n\t\t\t\t<div class=\"page-header-title-column\">\n\t\t\t\t\t<h1 class=\"title\">Ricerca Startup<\/h1>\n\t\t\t\t\t<div class=\"subtitle\">\n                        Filtrare per\t\t\t\t\t<\/div>\n\t\t\t\t<\/div>\n\t\t\t\t<div class=\"page-header-form-column\">\n\t\t\t\t\t<div class=\"fields\">\n\t\t\t\t\t\t<div class=\"row\">\n\t\t\t\t\t\t\t<div>\n\t\t\t\t\t\t\t<input type=\"text\"\n\t\t\t\t\t\t\t       name=\"startup_filter\"\n\t\t\t\t\t\t\t       placeholder=\"Search Startup\"\n\t\t\t\t\t\t\t       value=\"\"\n\t\t\t\t\t\t\t>\n\t\t\t\t\t\t\t<\/div>\n\t\t\t\t\t\t<\/div>\n\t\t\t\t\t\t<div class=\"row two-col\">\n                                                            <div>\n\t\t\t\t\t\t\t\t<select class=\"startups-filter-select2\" data-placeholder=\"Canton\" name=\"startup_cantons[]\" multiple style=\"display: none;\">\n                                    \t\t\t\t\t\t\t\t\t\t<option value=\"38\">\n                                            Z\u00fcrich\t\t\t\t\t\t\t\t\t\t<\/option>\n                                    \t\t\t\t\t\t\t\t\t\t<option value=\"39\">\n                                            Bern\t\t\t\t\t\t\t\t\t\t<\/option>\n                                    \t\t\t\t\t\t\t\t\t\t<option value=\"40\">\n                                            Luzern\t\t\t\t\t\t\t\t\t\t<\/option>\n                                    \t\t\t\t\t\t\t\t\t\t<option value=\"41\">\n                                            Uri\t\t\t\t\t\t\t\t\t\t<\/option>\n                                    \t\t\t\t\t\t\t\t\t\t<option value=\"42\">\n                                            Schwyz\t\t\t\t\t\t\t\t\t\t<\/option>\n                                    \t\t\t\t\t\t\t\t\t\t<option value=\"43\">\n                                            Obwalden\t\t\t\t\t\t\t\t\t\t<\/option>\n                                    \t\t\t\t\t\t\t\t\t\t<option value=\"44\">\n                                            Nidwalden\t\t\t\t\t\t\t\t\t\t<\/option>\n                                    \t\t\t\t\t\t\t\t\t\t<option value=\"45\">\n                                            Glarus\t\t\t\t\t\t\t\t\t\t<\/option>\n                                    \t\t\t\t\t\t\t\t\t\t<option value=\"46\">\n                                            Zug\t\t\t\t\t\t\t\t\t\t<\/option>\n                                    \t\t\t\t\t\t\t\t\t\t<option value=\"47\">\n                                            Freiburg\t\t\t\t\t\t\t\t\t\t<\/option>\n                                    \t\t\t\t\t\t\t\t\t\t<option value=\"48\">\n                                            Solothurn\t\t\t\t\t\t\t\t\t\t<\/option>\n                                    \t\t\t\t\t\t\t\t\t\t<option value=\"49\">\n                                            Basel-Stadt\t\t\t\t\t\t\t\t\t\t<\/option>\n                                    \t\t\t\t\t\t\t\t\t\t<option value=\"50\">\n                                            Basel-Landschaft\t\t\t\t\t\t\t\t\t\t<\/option>\n                                    \t\t\t\t\t\t\t\t\t\t<option value=\"51\">\n                                            Schaffhausen\t\t\t\t\t\t\t\t\t\t<\/option>\n                                    \t\t\t\t\t\t\t\t\t\t<option value=\"52\">\n                                            Appenzell Ausserrhoden\t\t\t\t\t\t\t\t\t\t<\/option>\n                                    \t\t\t\t\t\t\t\t\t\t<option value=\"53\">\n                                            Appenzell Innerrhoden\t\t\t\t\t\t\t\t\t\t<\/option>\n                                    \t\t\t\t\t\t\t\t\t\t<option value=\"54\">\n                                            St. Gallen\t\t\t\t\t\t\t\t\t\t<\/option>\n                                    \t\t\t\t\t\t\t\t\t\t<option value=\"55\">\n                                            Graub\u00fcnden\t\t\t\t\t\t\t\t\t\t<\/option>\n                                    \t\t\t\t\t\t\t\t\t\t<option value=\"56\">\n                                            Aargau\t\t\t\t\t\t\t\t\t\t<\/option>\n                                    \t\t\t\t\t\t\t\t\t\t<option value=\"57\">\n                                            Thurgau\t\t\t\t\t\t\t\t\t\t<\/option>\n                                    \t\t\t\t\t\t\t\t\t\t<option value=\"58\">\n                                            Tessin\t\t\t\t\t\t\t\t\t\t<\/option>\n                                    \t\t\t\t\t\t\t\t\t\t<option value=\"59\">\n                                            Waadt\t\t\t\t\t\t\t\t\t\t<\/option>\n                                    \t\t\t\t\t\t\t\t\t\t<option value=\"60\">\n                                            Wallis\t\t\t\t\t\t\t\t\t\t<\/option>\n                                    \t\t\t\t\t\t\t\t\t\t<option value=\"61\">\n                                            Neuenburg\t\t\t\t\t\t\t\t\t\t<\/option>\n                                    \t\t\t\t\t\t\t\t\t\t<option value=\"62\">\n                                            Genf\t\t\t\t\t\t\t\t\t\t<\/option>\n                                    \t\t\t\t\t\t\t\t\t\t<option value=\"63\">\n                                            Jura\t\t\t\t\t\t\t\t\t\t<\/option>\n                                    \t\t\t\t\t\t\t\t\t\t<option value=\"64\">\n                                            F\u00fcrstentum Liechtenstein\t\t\t\t\t\t\t\t\t\t<\/option>\n                                    \t\t\t\t\t\t\t\t<\/select>\n                                <\/div>\n                                                                                        <div>\n\t\t\t\t\t\t\t\t<select class=\"startups-filter-select2\" data-placeholder=\"Services\" name=\"startup_categories[]\" multiple style=\"display: none;\">\n                                    \t\t\t\t\t\t\t\t\t\t<option value=\"28\">\n                                            Contabilit\u00e0\t\t\t\t\t\t\t\t\t\t<\/option>\n                                    \t\t\t\t\t\t\t\t\t\t<option value=\"32\">\n                                            Fiduciario\t\t\t\t\t\t\t\t\t\t<\/option>\n                                    \t\t\t\t\t\t\t\t<\/select>\n                                <\/div>\n                            \t\t\t\t\t\t<\/div>\n\t\t\t\t\t<\/div>\n\t\t\t\t\t<div class=\"buttons\">\n\t\t\t\t\t\t<button type=\"submit\" class=\"btn btn-secondary btn-search\">Search<\/button>\n\t\t\t\t\t\t<button class=\"btn btn-tetriary btn-reset\" onclick=\"window.location.href = 'https:\/\/startup-index.ch'; return false;\">Ripristina<\/button>\n\t\t\t\t\t<\/div>\n\t\t\t\t<\/div>\n\t\t\t<\/div>\n\t\t<\/div>\n\t<\/div>\n<\/form><\/div>\n<p>[\/et_pb_text][\/et_pb_column][\/et_pb_row][et_pb_row _builder_version=&#8221;4.9.4&#8243; _module_preset=&#8221;default&#8221; custom_padding=&#8221;||||false|false&#8221;][et_pb_column type=&#8221;4_4&#8243; _builder_version=&#8221;4.9.4&#8243; _module_preset=&#8221;default&#8221;][et_pb_text admin_label=&#8221;Startups&#8221; _builder_version=&#8221;4.9.4&#8243; _module_preset=&#8221;default&#8221;]<\/p>\n<div>\n    <div class=\"startup-catalog\">\n\n        <div class=\"startup-catalog-item\">\n    <a href=\"https:\/\/startup-index.ch\/it\/startup\/regli-thurnheer-trueeb-sagl\/\"  class=\"logo\">\n        <img decoding=\"async\" src=\"https:\/\/startup-index.ch\/wp-content\/uploads\/2021\/08\/Regli-Thurnheer-Trueeb-300x70.png\"\n             alt=\"Regli,Thurnheer&amp;Tr\u00fceb Sagl\"\n             width=\"300\"\n        >\n    <\/a>\n    <h2><a href=\"https:\/\/startup-index.ch\/it\/startup\/regli-thurnheer-trueeb-sagl\/\">Regli,Thurnheer&amp;Tr\u00fceb Sagl<\/a><\/h2>\n            <p class=\"description\">Sosteniamo le piccole e medie imprese dal 2017 e, come revisore registrato, eseguiamo audit limitati.<\/p>\n       <!-- <p class=\"canton\">-->\n<!--        --><!--    <\/p>-->\n    <div class=\"company-categories\">\n        <ul>\n                    <\/ul>\n    <\/div>\n<\/div><div class=\"startup-catalog-item\">\n    <a href=\"https:\/\/startup-index.ch\/it\/startup\/swiss21-org-sa\/\"  class=\"logo\">\n        <img decoding=\"async\" src=\"https:\/\/startup-index.ch\/wp-content\/uploads\/2021\/08\/Swiss21Org_Logo_55x45_it-300x245.png\"\n             alt=\"Swiss21.org SA\"\n             width=\"300\"\n        >\n    <\/a>\n    <h2><a href=\"https:\/\/startup-index.ch\/it\/startup\/swiss21-org-sa\/\">Swiss21.org SA<\/a><\/h2>\n            <p class=\"description\">Swiss21.org digitalizza le piccole imprese svizzere. Con partner svizzeri e software commerciale gratuito. Accompagniamo le start-up e le piccole imprese nel loro percorso per diventare imprese digitali. Usa i nostri strumenti e parti per nuovi lidi. Veloce, integrato e in rete.<\/p>\n       <!-- <p class=\"canton\">-->\n<!--        --><!--    <\/p>-->\n    <div class=\"company-categories\">\n        <ul>\n                            <li>Contabilit\u00e0<\/li>\n                    <\/ul>\n    <\/div>\n<\/div><div class=\"startup-catalog-item\">\n    <a href=\"https:\/\/startup-index.ch\/it\/startup\/fasoon-sa\/\"  class=\"logo\">\n        <img decoding=\"async\" src=\"https:\/\/startup-index.ch\/wp-content\/uploads\/2021\/08\/Fasoon-short-IT-440x220-1-300x150.jpg\"\n             alt=\"Fasoon SA\"\n             width=\"300\"\n        >\n    <\/a>\n    <h2><a href=\"https:\/\/startup-index.ch\/it\/startup\/fasoon-sa\/\">Fasoon SA<\/a><\/h2>\n            <p class=\"description\">Costituzione di una societ\u00e0, modifiche al registro di commercio, servizi di domiciliazione, servizi fiduciari, consulenza personale e individuale gratuita.<\/p>\n       <!-- <p class=\"canton\">-->\n<!--        --><!--    <\/p>-->\n    <div class=\"company-categories\">\n        <ul>\n                            <li>Fiduciario<\/li>\n                    <\/ul>\n    <\/div>\n<\/div>\n    <\/div>\n\n    \n<\/div>\n<p>[\/et_pb_text][\/et_pb_column][\/et_pb_row][\/et_pb_section]<\/p>\n","protected":false},"excerpt":{"rendered":"<p>[et_pb_section fb_built=&#8221;1&#8243; _builder_version=&#8221;4.9.4&#8243; _module_preset=&#8221;default&#8221; custom_padding=&#8221;0px||||false|false&#8221;][et_pb_row _builder_version=&#8221;4.9.4&#8243; _module_preset=&#8221;default&#8221;][et_pb_column type=&#8221;4_4&#8243; _builder_version=&#8221;4.9.4&#8243; _module_preset=&#8221;default&#8221;][et_pb_text disabled_on=&#8221;on|on|off&#8221; _builder_version=&#8221;4.9.7&#8243; _module_preset=&#8221;default&#8221; hover_enabled=&#8221;0&#8243; custom_margin=&#8221;||20px||false|false&#8221; sticky_enabled=&#8221;0&#8243;] Stai cercando un servizio o un prodotto specifico? &nbsp; Perch\u00e9 non sostenere le giovani aziende svizzere e le start-up? Niente di pi\u00f9 facile &#8211; con il nostro Startup Index. Molti imprenditori hanno difficolt\u00e0 con l&#8217;acquisizione. Ci sono troppe cose [&hellip;]<\/p>\n","protected":false},"author":1,"featured_media":0,"parent":0,"menu_order":0,"comment_status":"closed","ping_status":"open","template":"","meta":{"_acf_changed":false,"_et_pb_use_builder":"on","_et_pb_old_content":"","_et_gb_content_width":"","inline_featured_image":false,"footnotes":""},"class_list":["post-711","page","type-page","status-publish","hentry"],"acf":[],"_links":{"self":[{"href":"https:\/\/startup-index.ch\/it\/wp-json\/wp\/v2\/pages\/711","targetHints":{"allow":["GET"]}}],"collection":[{"href":"https:\/\/startup-index.ch\/it\/wp-json\/wp\/v2\/pages"}],"about":[{"href":"https:\/\/startup-index.ch\/it\/wp-json\/wp\/v2\/types\/page"}],"author":[{"embeddable":true,"href":"https:\/\/startup-index.ch\/it\/wp-json\/wp\/v2\/users\/1"}],"replies":[{"embeddable":true,"href":"https:\/\/startup-index.ch\/it\/wp-json\/wp\/v2\/comments?post=711"}],"version-history":[{"count":6,"href":"https:\/\/startup-index.ch\/it\/wp-json\/wp\/v2\/pages\/711\/revisions"}],"predecessor-version":[{"id":2236,"href":"https:\/\/startup-index.ch\/it\/wp-json\/wp\/v2\/pages\/711\/revisions\/2236"}],"wp:attachment":[{"href":"https:\/\/startup-index.ch\/it\/wp-json\/wp\/v2\/media?parent=711"}],"curies":[{"name":"wp","href":"https:\/\/api.w.org\/{rel}","templated":true}]}}